{"id":1364,"date":"2025-11-02T17:54:47","date_gmt":"2025-11-02T17:54:47","guid":{"rendered":"https:\/\/exco2.com\/ian-matheson\/"},"modified":"2026-02-08T21:21:33","modified_gmt":"2026-02-08T21:21:33","slug":"ian-matheson","status":"publish","type":"page","link":"https:\/\/exco2.com\/fr\/notre-equipe\/ian-matheson\/","title":{"rendered":"Ian Matheson"},"content":{"rendered":"<p>[et_pb_section fb_built=\u00a0\u00bb1&Prime; admin_label=\u00a0\u00bbHeader\u00a0\u00bb _builder_version=\u00a0\u00bb4.27.4&Prime; _module_preset=\u00a0\u00bbdefault\u00a0\u00bb background_enable_color=\u00a0\u00bboff\u00a0\u00bb use_background_color_gradient=\u00a0\u00bbon\u00a0\u00bb background_color_gradient_direction=\u00a0\u00bb90deg\u00a0\u00bb background_color_gradient_stops=\u00a0\u00bb#f5f7fa 52%|rgba(43,135,218,0) 52%\u00a0\u00bb background_enable_image=\u00a0\u00bboff\u00a0\u00bb background_size=\u00a0\u00bbcustom\u00a0\u00bb background_image_width=\u00a0\u00bb25%\u00a0\u00bb background_position=\u00a0\u00bbtop_right\u00a0\u00bb custom_padding=\u00a0\u00bb0px||0px||false|false\u00a0\u00bb background_color_phone=\u00a0\u00bb#F5F7FA\u00a0\u00bb background_last_edited=\u00a0\u00bbon|phone\u00a0\u00bb background_enable_color_phone=\u00a0\u00bbon\u00a0\u00bb locked=\u00a0\u00bboff\u00a0\u00bb collapsed=\u00a0\u00bboff\u00a0\u00bb global_colors_info=\u00a0\u00bb{}\u00a0\u00bb][et_pb_row column_structure=\u00a0\u00bb3_5,2_5&Prime; make_equal=\u00a0\u00bbon\u00a0\u00bb custom_padding_last_edited=\u00a0\u00bbon|phone\u00a0\u00bb _builder_version=\u00a0\u00bb4.27.4&Prime; _module_preset=\u00a0\u00bbdefault\u00a0\u00bb custom_padding=\u00a0\u00bb0px||0px||false|false\u00a0\u00bb custom_padding_tablet=\u00a0\u00bb0px||0px||false|false\u00a0\u00bb custom_padding_phone=\u00a0\u00bb30px||||false|false\u00a0\u00bb global_colors_info=\u00a0\u00bb{}\u00a0\u00bb][et_pb_column type=\u00a0\u00bb3_5&Prime; _builder_version=\u00a0\u00bb4.27.4&Prime; _module_preset=\u00a0\u00bbdefault\u00a0\u00bb custom_css_main_element=\u00a0\u00bb    margin: auto; \/* For vertical center alignment *\/||\u00a0\u00bb global_colors_info=\u00a0\u00bb{}\u00a0\u00bb][et_pb_text _builder_version=\u00a0\u00bb4.27.4&Prime; _module_preset=\u00a0\u00bb06f3ed62-9857-4a25-bba8-fd8306f3b22d\u00a0\u00bb text_font_size=\u00a0\u00bb22px\u00a0\u00bb header_font=\u00a0\u00bbWork Sans|300|||||||\u00a0\u00bb header_font_size=\u00a0\u00bb56px\u00a0\u00bb header_line_height=\u00a0\u00bb1.3em\u00a0\u00bb max_width=\u00a0\u00bb800px\u00a0\u00bb custom_margin=\u00a0\u00bb||10px||false|false\u00a0\u00bb custom_padding=\u00a0\u00bb0px||20px||false|false\u00a0\u00bb header_font_size_tablet=\u00a0\u00bb56px\u00a0\u00bb header_font_size_phone=\u00a0\u00bb34px\u00a0\u00bb header_font_size_last_edited=\u00a0\u00bbon|phone\u00a0\u00bb global_colors_info=\u00a0\u00bb{}\u00a0\u00bb]<\/p>\n<h1>Ian Matheson<\/h1>\n<p>[\/et_pb_text][et_pb_divider color=\u00a0\u00bb#0E3B7C\u00a0\u00bb _builder_version=\u00a0\u00bb4.27.4&Prime; _module_preset=\u00a0\u00bbdefault\u00a0\u00bb width=\u00a0\u00bb25%\u00a0\u00bb module_alignment=\u00a0\u00bbleft\u00a0\u00bb custom_margin=\u00a0\u00bb||0px||false|false\u00a0\u00bb custom_padding=\u00a0\u00bb||0px||false|false\u00a0\u00bb locked=\u00a0\u00bboff\u00a0\u00bb global_colors_info=\u00a0\u00bb{}\u00a0\u00bb][\/et_pb_divider][et_pb_text _builder_version=\u00a0\u00bb4.27.4&Prime; _module_preset=\u00a0\u00bb06f3ed62-9857-4a25-bba8-fd8306f3b22d\u00a0\u00bb text_font_size=\u00a0\u00bb22px\u00a0\u00bb header_font=\u00a0\u00bbWork Sans|300|||||||\u00a0\u00bb header_font_size=\u00a0\u00bb56px\u00a0\u00bb header_line_height=\u00a0\u00bb1.3em\u00a0\u00bb max_width=\u00a0\u00bb800px\u00a0\u00bb custom_margin=\u00a0\u00bb0px||10px||false|false\u00a0\u00bb custom_padding=\u00a0\u00bb0px||20px||false|false\u00a0\u00bb header_font_size_tablet=\u00a0\u00bb56px\u00a0\u00bb header_font_size_phone=\u00a0\u00bb34px\u00a0\u00bb header_font_size_last_edited=\u00a0\u00bbon|phone\u00a0\u00bb global_colors_info=\u00a0\u00bb{}\u00a0\u00bb]<\/p>\n<p>Bas\u00e9 \u00e0 Ottawa et \u00e0 Paris | Anglais et fran\u00e7ais<\/p>\n<p>[\/et_pb_text][et_pb_social_media_follow icon_color=\u00a0\u00bb#F5F7FA\u00a0\u00bb use_icon_font_size=\u00a0\u00bbon\u00a0\u00bb icon_font_size=\u00a0\u00bb20px\u00a0\u00bb _builder_version=\u00a0\u00bb4.27.4&Prime; _module_preset=\u00a0\u00bbdefault\u00a0\u00bb background_enable_color=\u00a0\u00bboff\u00a0\u00bb custom_margin=\u00a0\u00bb0px|||0px|false|false\u00a0\u00bb custom_padding=\u00a0\u00bb0px|||0px|false|false\u00a0\u00bb global_colors_info=\u00a0\u00bb{}\u00a0\u00bb][et_pb_social_media_follow_network social_network=\u00a0\u00bblinkedin\u00a0\u00bb url=\u00a0\u00bbhttps:\/\/www.linkedin.com\/in\/ianmatheson\u00a0\u00bb _builder_version=\u00a0\u00bb4.27.4&Prime; _module_preset=\u00a0\u00bbdefault\u00a0\u00bb background_color=\u00a0\u00bb#0E3B7C\u00a0\u00bb background_enable_color=\u00a0\u00bbon\u00a0\u00bb global_colors_info=\u00a0\u00bb{}\u00a0\u00bb follow_button=\u00a0\u00bboff\u00a0\u00bb url_new_window=\u00a0\u00bbon\u00a0\u00bb]linkedin[\/et_pb_social_media_follow_network][\/et_pb_social_media_follow][\/et_pb_column][et_pb_column type=\u00a0\u00bb2_5&Prime; _builder_version=\u00a0\u00bb4.27.4&Prime; _module_preset=\u00a0\u00bbdefault\u00a0\u00bb custom_css_main_element=\u00a0\u00bb    margin: auto; \/* For vertical center alignment *\/||\u00a0\u00bb global_colors_info=\u00a0\u00bb{}\u00a0\u00bb][et_pb_image src=\u00a0\u00bbhttps:\/\/exco2.com\/wp-content\/uploads\/2025\/11\/Ian-Matheson.jpg\u00a0\u00bb title_text=\u00a0\u00bbIan Matheson\u00a0\u00bb _builder_version=\u00a0\u00bb4.27.4&Prime; _module_preset=\u00a0\u00bbdefault\u00a0\u00bb custom_padding_tablet=\u00a0\u00bb\u00a0\u00bb custom_padding_phone=\u00a0\u00bb30px||||false|false\u00a0\u00bb custom_padding_last_edited=\u00a0\u00bbon|phone\u00a0\u00bb global_colors_info=\u00a0\u00bb{}\u00a0\u00bb][\/et_pb_image][\/et_pb_column][\/et_pb_row][\/et_pb_section][et_pb_section fb_built=\u00a0\u00bb1&Prime; _builder_version=\u00a0\u00bb4.27.4&Prime; _module_preset=\u00a0\u00bbdefault\u00a0\u00bb global_colors_info=\u00a0\u00bb{}\u00a0\u00bb][et_pb_row _builder_version=\u00a0\u00bb4.27.4&Prime; _module_preset=\u00a0\u00bbdefault\u00a0\u00bb global_colors_info=\u00a0\u00bb{}\u00a0\u00bb][et_pb_column type=\u00a0\u00bb4_4&Prime; _builder_version=\u00a0\u00bb4.27.4&Prime; _module_preset=\u00a0\u00bbdefault\u00a0\u00bb global_colors_info=\u00a0\u00bb{}\u00a0\u00bb][et_pb_text _builder_version=\u00a0\u00bb4.27.4&Prime; _module_preset=\u00a0\u00bbdefault\u00a0\u00bb hover_enabled=\u00a0\u00bb0&Prime; global_colors_info=\u00a0\u00bb{}\u00a0\u00bb sticky_enabled=\u00a0\u00bb0&Prime;]<\/p>\n<h2>Parcours professionnel<\/h2>\n<hr \/>\n<p data-start=\"147\" data-end=\"440\">La carri\u00e8re multidisciplinaire d\u2019Ian l\u2019a conduit \u00e0 diriger des organisations du secteur public comptant plusieurs centaines d\u2019employ\u00e9s et \u00e0 mettre en \u0153uvre des programmes nationaux et internationaux dans les domaines de la protection de l\u2019environnement et du d\u00e9veloppement \u00e9conomique r\u00e9gional.<\/p>\n<p data-start=\"442\" data-end=\"964\">Il a conseill\u00e9 le premier ministre du Canada, des comit\u00e9s de politiques du Cabinet et le Conseil du Tr\u00e9sor sur des enjeux li\u00e9s \u00e0 la sant\u00e9 et \u00e0 la culture, ainsi qu\u2019\u00e0 la gestion de programmes d\u2019immigration, de d\u00e9fense et de s\u00e9curit\u00e9. \u00c0 des niveaux sup\u00e9rieurs de direction, il a facilit\u00e9 des n\u00e9gociations internationales de trait\u00e9s environnementaux et exerc\u00e9 une supervision dans le cadre de projets d\u2019acquisition de d\u00e9fense de plusieurs milliards de dollars, ainsi que d\u2019initiatives gouvernementales de r\u00e9duction des co\u00fbts.<\/p>\n<p data-start=\"966\" data-end=\"1228\">Ian a commenc\u00e9 sa carri\u00e8re comme pilote militaire. Au cours de son service, il a consacr\u00e9 quatre ann\u00e9es \u00e0 diriger la planification strat\u00e9gique et le soutien logistique des contributions canadiennes aux missions de maintien de la paix en Ha\u00efti et au Moyen-Orient.<\/p>\n<p>[\/et_pb_text][\/et_pb_column][\/et_pb_row][et_pb_row _builder_version=\u00a0\u00bb4.27.4&Prime; _module_preset=\u00a0\u00bbdefault\u00a0\u00bb global_colors_info=\u00a0\u00bb{}\u00a0\u00bb][et_pb_column type=\u00a0\u00bb4_4&Prime; _builder_version=\u00a0\u00bb4.27.4&Prime; _module_preset=\u00a0\u00bbdefault\u00a0\u00bb global_colors_info=\u00a0\u00bb{}\u00a0\u00bb][et_pb_text _builder_version=\u00a0\u00bb4.27.4&Prime; _module_preset=\u00a0\u00bbdefault\u00a0\u00bb global_colors_info=\u00a0\u00bb{}\u00a0\u00bb]<\/p>\n<h2 class=\"wp-block-heading\">Coaching<\/h2>\n<hr \/>\n<p data-start=\"1249\" data-end=\"1788\">Ian a commenc\u00e9 \u00e0 exercer le coaching \u00e0 temps partiel en 2011 et a \u00e9t\u00e9 membre du corps professoral \u00e0 temps plein \u00e0 l\u2019\u00c9cole de la fonction publique du Canada de 2014 \u00e0 2017. Durant cette p\u00e9riode, il a accompagn\u00e9 des cadres sup\u00e9rieurs et anim\u00e9 des programmes de leadership, de gestion et de communication \u00e0 l\u2019\u00e9chelle nationale. Sa sp\u00e9cialisation en d\u00e9veloppement du leadership repose sur sa formation ainsi que sur son exp\u00e9rience personnelle en conduite du changement, en influence syst\u00e9mique et en alignement de la culture avec la strat\u00e9gie.<\/p>\n<p data-start=\"1790\" data-end=\"2326\">Il int\u00e8gre la m\u00e9thodologie du coaching \u00e0 son exp\u00e9rience pratique afin d\u2019accompagner avec bienveillance ses clients \u2014 individus et \u00e9quipes \u2014 dans le d\u00e9veloppement de leur conscience de soi et de leur confiance \u00e0 diriger dans des contextes de plus en plus complexes. Il est reconnu pour sa capacit\u00e9 \u00e0 d\u00e9velopper le discernement, la cr\u00e9ation de sens, la confiance et l\u2019influence strat\u00e9gique. Il s\u2019appuie \u00e9galement sur les recherches les plus r\u00e9centes en neurosciences, notamment sur l\u2019interaction entre les \u00e9motions, le mental et le corps.<\/p>\n<p>[\/et_pb_text][\/et_pb_column][\/et_pb_row][et_pb_row _builder_version=\u00a0\u00bb4.27.4&Prime; _module_preset=\u00a0\u00bbdefault\u00a0\u00bb global_colors_info=\u00a0\u00bb{}\u00a0\u00bb][et_pb_column type=\u00a0\u00bb4_4&Prime; _builder_version=\u00a0\u00bb4.27.4&Prime; _module_preset=\u00a0\u00bbdefault\u00a0\u00bb global_colors_info=\u00a0\u00bb{}\u00a0\u00bb][et_pb_text _builder_version=\u00a0\u00bb4.27.4&Prime; _module_preset=\u00a0\u00bbdefault\u00a0\u00bb global_colors_info=\u00a0\u00bb{}\u00a0\u00bb]<\/p>\n<h2>Qualifications et certifications<\/h2>\n<hr \/>\n<p data-start=\"2371\" data-end=\"2892\">Ian est Ma\u00eetre coach int\u00e9gral certifi\u00e9 par Integral Coaching Canada et d\u00e9tient \u00e9galement une certification de l\u2019International Coach Federation. Il est habilit\u00e9 \u00e0 utiliser une gamme d\u2019outils de typologie de personnalit\u00e9 (Enn\u00e9agramme, DISC, Discovery Insights, ComProfiles et Birkman), ainsi que des outils d\u2019intelligence \u00e9motionnelle (EQ-i 2.0) et de r\u00e9troaction 360 degr\u00e9s. Il est titulaire d\u2019un MBA de l\u2019Universit\u00e9 d\u2019Ottawa et d\u2019un baccalaur\u00e9at \u00e8s arts (avec distinction en anglais) du Coll\u00e8ge militaire royal du Canada.<\/p>\n<p>[\/et_pb_text][\/et_pb_column][\/et_pb_row][\/et_pb_section][et_pb_section fb_built=\u00a0\u00bb1&Prime; _builder_version=\u00a0\u00bb4.27.4&Prime; _module_preset=\u00a0\u00bbdefault\u00a0\u00bb global_colors_info=\u00a0\u00bb{}\u00a0\u00bb][et_pb_row _builder_version=\u00a0\u00bb4.27.4&Prime; _module_preset=\u00a0\u00bbdefault\u00a0\u00bb background_color=\u00a0\u00bb#F5F7FA\u00a0\u00bb custom_padding=\u00a0\u00bb60px|60px|60px|60px|true|true\u00a0\u00bb border_radii=\u00a0\u00bbon|10px|10px|10px|10px\u00a0\u00bb global_colors_info=\u00a0\u00bb{}\u00a0\u00bb][et_pb_column type=\u00a0\u00bb4_4&Prime; _builder_version=\u00a0\u00bb4.27.4&Prime; _module_preset=\u00a0\u00bbdefault\u00a0\u00bb global_colors_info=\u00a0\u00bb{}\u00a0\u00bb][et_pb_text _builder_version=\u00a0\u00bb4.27.4&Prime; _module_preset=\u00a0\u00bbdefault\u00a0\u00bb header_2_font=\u00a0\u00bb|600|||||||\u00a0\u00bb header_2_text_color=\u00a0\u00bb#0E3B7C\u00a0\u00bb global_colors_info=\u00a0\u00bb{}\u00a0\u00bb]<\/p>\n<h2>Ressources d\u2019Ian<\/h2>\n<p>[\/et_pb_text][et_pb_blog include_categories=\u00a0\u00bball\u00a0\u00bb show_thumbnail=\u00a0\u00bboff\u00a0\u00bb show_more=\u00a0\u00bbon\u00a0\u00bb show_date=\u00a0\u00bboff\u00a0\u00bb _builder_version=\u00a0\u00bb4.27.4&Prime; _module_preset=\u00a0\u00bbdefault\u00a0\u00bb read_more_font=\u00a0\u00bb|600|||||||\u00a0\u00bb max_width=\u00a0\u00bb800px\u00a0\u00bb locked=\u00a0\u00bboff\u00a0\u00bb global_colors_info=\u00a0\u00bb{}\u00a0\u00bb][\/et_pb_blog][\/et_pb_column][\/et_pb_row][\/et_pb_section]<\/p>\n","protected":false},"excerpt":{"rendered":"<p>Ian MathesonBas\u00e9 \u00e0 Ottawa et \u00e0 Paris | Anglais et fran\u00e7aisParcours professionnel La carri\u00e8re multidisciplinaire d\u2019Ian l\u2019a conduit \u00e0 diriger des organisations du secteur public comptant plusieurs centaines d\u2019employ\u00e9s et \u00e0 mettre en \u0153uvre des programmes nationaux et internationaux dans les domaines de la protection de l\u2019environnement et du d\u00e9veloppement \u00e9conomique r\u00e9gional. Il a conseill\u00e9 [&hellip;]<\/p>\n","protected":false},"author":1,"featured_media":0,"parent":1370,"menu_order":0,"comment_status":"closed","ping_status":"closed","template":"","meta":{"_et_pb_use_builder":"on","_et_pb_old_content":"","_et_gb_content_width":"","_crdt_document":"","advanced_seo_description":"","jetpack_seo_html_title":"","jetpack_seo_noindex":false,"footnotes":""},"class_list":["post-1364","page","type-page","status-publish","hentry"],"jetpack_shortlink":"https:\/\/wp.me\/PbzWMG-m0","_links":{"self":[{"href":"https:\/\/exco2.com\/fr\/wp-json\/wp\/v2\/pages\/1364","targetHints":{"allow":["GET"]}}],"collection":[{"href":"https:\/\/exco2.com\/fr\/wp-json\/wp\/v2\/pages"}],"about":[{"href":"https:\/\/exco2.com\/fr\/wp-json\/wp\/v2\/types\/page"}],"author":[{"embeddable":true,"href":"https:\/\/exco2.com\/fr\/wp-json\/wp\/v2\/users\/1"}],"replies":[{"embeddable":true,"href":"https:\/\/exco2.com\/fr\/wp-json\/wp\/v2\/comments?post=1364"}],"version-history":[{"count":2,"href":"https:\/\/exco2.com\/fr\/wp-json\/wp\/v2\/pages\/1364\/revisions"}],"predecessor-version":[{"id":1507,"href":"https:\/\/exco2.com\/fr\/wp-json\/wp\/v2\/pages\/1364\/revisions\/1507"}],"up":[{"embeddable":true,"href":"https:\/\/exco2.com\/fr\/wp-json\/wp\/v2\/pages\/1370"}],"wp:attachment":[{"href":"https:\/\/exco2.com\/fr\/wp-json\/wp\/v2\/media?parent=1364"}],"curies":[{"name":"wp","href":"https:\/\/api.w.org\/{rel}","templated":true}]}}