{"id":1372,"date":"2025-08-25T20:15:25","date_gmt":"2025-08-25T20:15:25","guid":{"rendered":"https:\/\/exco2.com\/about\/"},"modified":"2026-02-09T14:01:55","modified_gmt":"2026-02-09T14:01:55","slug":"a-propos","status":"publish","type":"page","link":"https:\/\/exco2.com\/fr\/a-propos\/","title":{"rendered":"\u00c0 propos"},"content":{"rendered":"<p>[et_pb_section fb_built=\u00a0\u00bb1&Prime; admin_label=\u00a0\u00bbHeader\u00a0\u00bb _builder_version=\u00a0\u00bb4.27.4&Prime; _module_preset=\u00a0\u00bbdefault\u00a0\u00bb background_enable_color=\u00a0\u00bboff\u00a0\u00bb background_enable_image=\u00a0\u00bboff\u00a0\u00bb background_size=\u00a0\u00bbcustom\u00a0\u00bb background_image_width=\u00a0\u00bb25%\u00a0\u00bb background_position=\u00a0\u00bbtop_right\u00a0\u00bb custom_padding=\u00a0\u00bb0px||||false|false\u00a0\u00bb collapsed=\u00a0\u00bboff\u00a0\u00bb global_colors_info=\u00a0\u00bb{%22gcid-3cfc8c0c-5557-4a5d-9dab-24e78d615311%22:%91%22background_color%22%93}\u00a0\u00bb][et_pb_row column_structure=\u00a0\u00bb1_2,1_2&Prime; _builder_version=\u00a0\u00bb4.27.4&Prime; _module_preset=\u00a0\u00bbdefault\u00a0\u00bb global_colors_info=\u00a0\u00bb{}\u00a0\u00bb][et_pb_column type=\u00a0\u00bb1_2&Prime; _builder_version=\u00a0\u00bb4.22.0&Prime; _module_preset=\u00a0\u00bbdefault\u00a0\u00bb global_colors_info=\u00a0\u00bb{}\u00a0\u00bb][et_pb_text _builder_version=\u00a0\u00bb4.27.4&Prime; _module_preset=\u00a0\u00bb06f3ed62-9857-4a25-bba8-fd8306f3b22d\u00a0\u00bb text_font_size=\u00a0\u00bb22px\u00a0\u00bb header_font=\u00a0\u00bbWork Sans|300|||||||\u00a0\u00bb header_font_size=\u00a0\u00bb56px\u00a0\u00bb header_line_height=\u00a0\u00bb1.3em\u00a0\u00bb max_width=\u00a0\u00bb800px\u00a0\u00bb custom_margin=\u00a0\u00bb||10px||false|false\u00a0\u00bb custom_padding=\u00a0\u00bb0px||20px||false|false\u00a0\u00bb header_font_size_tablet=\u00a0\u00bb56px\u00a0\u00bb header_font_size_phone=\u00a0\u00bb34px\u00a0\u00bb header_font_size_last_edited=\u00a0\u00bbon|phone\u00a0\u00bb global_colors_info=\u00a0\u00bb{}\u00a0\u00bb]<\/p>\n<h1>\u00c0 propos<\/h1>\n<p>[\/et_pb_text][et_pb_divider color=\u00a0\u00bb#0E3B7C\u00a0\u00bb _builder_version=\u00a0\u00bb4.27.4&Prime; _module_preset=\u00a0\u00bbdefault\u00a0\u00bb width=\u00a0\u00bb25%\u00a0\u00bb module_alignment=\u00a0\u00bbleft\u00a0\u00bb locked=\u00a0\u00bboff\u00a0\u00bb global_colors_info=\u00a0\u00bb{}\u00a0\u00bb][\/et_pb_divider][et_pb_text _builder_version=\u00a0\u00bb4.27.4&Prime; _module_preset=\u00a0\u00bb06f3ed62-9857-4a25-bba8-fd8306f3b22d\u00a0\u00bb header_font=\u00a0\u00bbWork Sans|300|||||||\u00a0\u00bb header_font_size=\u00a0\u00bb56px\u00a0\u00bb header_line_height=\u00a0\u00bb1.3em\u00a0\u00bb max_width=\u00a0\u00bb800px\u00a0\u00bb custom_margin=\u00a0\u00bb||10px||false|false\u00a0\u00bb custom_padding=\u00a0\u00bb0px||20px||false|false\u00a0\u00bb header_font_size_tablet=\u00a0\u00bb56px\u00a0\u00bb header_font_size_phone=\u00a0\u00bb34px\u00a0\u00bb header_font_size_last_edited=\u00a0\u00bbon|phone\u00a0\u00bb global_colors_info=\u00a0\u00bb{}\u00a0\u00bb]<\/p>\n<p>Nous savons que les leaders \u00e9voluent dans un contexte en constante transformation et que le leadership, lorsqu\u2019il est bien exerc\u00e9, peut \u00eatre une force positive.<\/p>\n<p>Nous abordons le d\u00e9veloppement du leadership comme une pratique continue visant \u00e0 influencer positivement un monde en \u00e9volution.<\/p>\n<p>Nous mettons \u00e0 votre service notre exp\u00e9rience de dirigeants form\u00e9s au coaching ex\u00e9cutif afin de vous accompagner dans la d\u00e9finition et l\u2019acc\u00e9l\u00e9ration de votre pratique du leadership, dans votre contexte, comme une force positive au sein d\u2019un monde en transformation.<\/p>\n<p>[\/et_pb_text][\/et_pb_column][et_pb_column type=\u00a0\u00bb1_2&Prime; _builder_version=\u00a0\u00bb4.27.4&Prime; _module_preset=\u00a0\u00bbdefault\u00a0\u00bb border_radii=\u00a0\u00bbon|10px|10px|10px|10px\u00a0\u00bb global_colors_info=\u00a0\u00bb{}\u00a0\u00bb][et_pb_divider color=\u00a0\u00bbRGBA(255,255,255,0)\u00a0\u00bb disabled_on=\u00a0\u00bbon|on|off\u00a0\u00bb _builder_version=\u00a0\u00bb4.27.4&Prime; _module_preset=\u00a0\u00bbdefault\u00a0\u00bb background_image=\u00a0\u00bbhttps:\/\/exco2.com\/wp-content\/uploads\/2025\/09\/exco2-coaching.png\u00a0\u00bb background_size=\u00a0\u00bbinitial\u00a0\u00bb min_height=\u00a0\u00bb450px\u00a0\u00bb min_height_tablet=\u00a0\u00bb450px\u00a0\u00bb min_height_phone=\u00a0\u00bb175px\u00a0\u00bb min_height_last_edited=\u00a0\u00bbon|desktop\u00a0\u00bb animation_style=\u00a0\u00bbfade\u00a0\u00bb global_colors_info=\u00a0\u00bb{}\u00a0\u00bb][\/et_pb_divider][et_pb_image src=\u00a0\u00bbhttps:\/\/exco2.com\/wp-content\/uploads\/2025\/09\/exco2-coaching.png\u00a0\u00bb title_text=\u00a0\u00bbexco2 coaching\u00a0\u00bb align=\u00a0\u00bbcenter\u00a0\u00bb disabled_on=\u00a0\u00bboff|off|on\u00a0\u00bb _builder_version=\u00a0\u00bb4.27.4&Prime; _module_preset=\u00a0\u00bbdefault\u00a0\u00bb max_width=\u00a0\u00bb70%\u00a0\u00bb module_alignment=\u00a0\u00bbcenter\u00a0\u00bb global_colors_info=\u00a0\u00bb{}\u00a0\u00bb][\/et_pb_image][\/et_pb_column][\/et_pb_row][\/et_pb_section][et_pb_section fb_built=\u00a0\u00bb1&Prime; custom_padding_last_edited=\u00a0\u00bbon|phone\u00a0\u00bb admin_label=\u00a0\u00bbTeam\u00a0\u00bb _builder_version=\u00a0\u00bb4.27.4&Prime; _module_preset=\u00a0\u00bbdefault\u00a0\u00bb background_enable_color=\u00a0\u00bboff\u00a0\u00bb custom_margin_tablet=\u00a0\u00bb\u00a0\u00bb custom_margin_phone=\u00a0\u00bb0px||||false|false\u00a0\u00bb custom_margin_last_edited=\u00a0\u00bbon|phone\u00a0\u00bb custom_padding_tablet=\u00a0\u00bb\u00a0\u00bb custom_padding_phone=\u00a0\u00bb0px||0px||false|false\u00a0\u00bb animation_style=\u00a0\u00bbfade\u00a0\u00bb collapsed=\u00a0\u00bboff\u00a0\u00bb global_colors_info=\u00a0\u00bb{%22gcid-3cfc8c0c-5557-4a5d-9dab-24e78d615311%22:%91%22background_color%22%93}\u00a0\u00bb][et_pb_row _builder_version=\u00a0\u00bb4.27.4&Prime; _module_preset=\u00a0\u00bbdefault\u00a0\u00bb max_width=\u00a0\u00bb768px\u00a0\u00bb module_alignment=\u00a0\u00bbcenter\u00a0\u00bb global_colors_info=\u00a0\u00bb{}\u00a0\u00bb][et_pb_column type=\u00a0\u00bb4_4&Prime; _builder_version=\u00a0\u00bb4.22.0&Prime; _module_preset=\u00a0\u00bbdefault\u00a0\u00bb global_colors_info=\u00a0\u00bb{}\u00a0\u00bb][et_pb_text _builder_version=\u00a0\u00bb4.27.4&Prime; _module_preset=\u00a0\u00bb28d9ad26-2846-4e3f-bfb6-fb70e31b9d77&Prime; header_2_font=\u00a0\u00bbWork Sans|300|||||||\u00a0\u00bb max_width=\u00a0\u00bb800px\u00a0\u00bb header_2_font_size_tablet=\u00a0\u00bb\u00a0\u00bb header_2_font_size_phone=\u00a0\u00bb34px\u00a0\u00bb header_2_font_size_last_edited=\u00a0\u00bbon|phone\u00a0\u00bb global_colors_info=\u00a0\u00bb{}\u00a0\u00bb]<\/p>\n<h2>Un leadership \u00e9clair\u00e9 pour un monde en \u00e9volution<\/h2>\n<p>[\/et_pb_text][et_pb_text _builder_version=\u00a0\u00bb4.27.4&Prime; _module_preset=\u00a0\u00bbf5eedead-c16c-4378-9e25-6d29b8641691&Prime; global_colors_info=\u00a0\u00bb{}\u00a0\u00bb]<\/p>\n<p>ExCo2 a \u00e9t\u00e9 fond\u00e9e en 2002 par Valerie Clements, qui en a assur\u00e9 la pr\u00e9sidence jusqu\u2019au transfert de cette responsabilit\u00e9 \u00e0 Ian Matheson en 2018. D\u00e8s le d\u00e9part, la vision distinctive de Valerie \u00e9tait de r\u00e9unir des coachs capables d\u2019accompagner leurs clients \u00e0 partir d\u2019assises solides en coaching int\u00e9gral, d\u2019un engagement envers le mieux-\u00eatre personnel et d\u2019une exp\u00e9rience concr\u00e8te en tant que dirigeants. C\u2019est cette combinaison unique d\u2019exp\u00e9rience et de formation qui distingue les coachs d\u2019ExCo2, en alliant une compr\u00e9hension fine du contexte dans lequel \u00e9voluent nos clients \u00e0 la rigueur et \u00e0 la compl\u00e9tude de l\u2019approche int\u00e9grale. Cette tradition se poursuit aujourd\u2019hui alors que nous accompagnons un nombre croissant de clients des secteurs public, priv\u00e9 et communautaire, au Canada et \u00e0 l\u2019international.<\/p>\n<p>Le d\u00e9veloppement du leadership, tant individuel que collectif, est devenu le moyen par lequel nous donnons vie \u00e0 notre vision d\u2019un leadership \u00e9clair\u00e9 pour un monde en \u00e9volution. L\u2019exp\u00e9rience nous a d\u00e9montr\u00e9 \u00e0 quel point le coaching permet \u00e0 nos clients de reconna\u00eetre de nouvelles possibilit\u00e9s et de poser des gestes concrets en coh\u00e9rence avec les objectifs qu\u2019ils se fixent. Notre travail s\u2019appuie sur une compr\u00e9hension claire des parcours de d\u00e9veloppement, qu\u2019ils concernent les individus, les organisations ou la soci\u00e9t\u00e9 dans son ensemble. Nous mesurons notre succ\u00e8s \u00e0 la capacit\u00e9 de nos clients \u00e0 agir avec confiance et authenticit\u00e9, en contribuant positivement \u00e0 l\u2019\u00e9volution du monde dans lequel ils vivent et travaillent.<\/p>\n<p>[\/et_pb_text][et_pb_button button_url=\u00a0\u00bbhttps:\/\/exco2.com\/fr\/notre-equipe\/\u00a0\u00bb button_text=\u00a0\u00bbNotre \u00e9quipe\u00a0\u00bb _builder_version=\u00a0\u00bb4.27.4&Prime; _module_preset=\u00a0\u00bbdefault\u00a0\u00bb custom_padding=\u00a0\u00bb16px|24px|16px|24px|true|true\u00a0\u00bb hover_enabled=\u00a0\u00bb0&Prime; global_colors_info=\u00a0\u00bb{}\u00a0\u00bb sticky_enabled=\u00a0\u00bb0&Prime;][\/et_pb_button][\/et_pb_column][\/et_pb_row][\/et_pb_section][et_pb_section fb_built=\u00a0\u00bb1&Prime; custom_padding_last_edited=\u00a0\u00bbon|phone\u00a0\u00bb admin_label=\u00a0\u00bbResources\u00a0\u00bb _builder_version=\u00a0\u00bb4.27.4&Prime; _module_preset=\u00a0\u00bbdefault\u00a0\u00bb background_enable_color=\u00a0\u00bboff\u00a0\u00bb custom_margin_tablet=\u00a0\u00bb\u00a0\u00bb custom_margin_phone=\u00a0\u00bb0px||||false|false\u00a0\u00bb custom_margin_last_edited=\u00a0\u00bbon|phone\u00a0\u00bb custom_padding_tablet=\u00a0\u00bb\u00a0\u00bb custom_padding_phone=\u00a0\u00bb0px||||false|false\u00a0\u00bb animation_style=\u00a0\u00bbfade\u00a0\u00bb saved_tabs=\u00a0\u00bball\u00a0\u00bb collapsed=\u00a0\u00bboff\u00a0\u00bb global_colors_info=\u00a0\u00bb{%22gcid-8a774e07-7ffa-496d-a3ae-ed0f5be735c7%22:%91%22background_color%22%93}\u00a0\u00bb][et_pb_row _builder_version=\u00a0\u00bb4.27.4&Prime; _module_preset=\u00a0\u00bbdefault\u00a0\u00bb module_alignment=\u00a0\u00bbcenter\u00a0\u00bb custom_margin=\u00a0\u00bb||0px||false|false\u00a0\u00bb custom_padding=\u00a0\u00bb30px||0px||false|false\u00a0\u00bb animation_style=\u00a0\u00bbfade\u00a0\u00bb border_width_top=\u00a0\u00bb1px\u00a0\u00bb global_colors_info=\u00a0\u00bb{}\u00a0\u00bb][et_pb_column type=\u00a0\u00bb4_4&Prime; _builder_version=\u00a0\u00bb4.21.0&Prime; _module_preset=\u00a0\u00bbdefault\u00a0\u00bb global_colors_info=\u00a0\u00bb{}\u00a0\u00bb][et_pb_text admin_label=\u00a0\u00bbText\u00a0\u00bb _builder_version=\u00a0\u00bb4.27.4&Prime; _module_preset=\u00a0\u00bb28d9ad26-2846-4e3f-bfb6-fb70e31b9d77&Prime; header_2_font=\u00a0\u00bbWork Sans|300|||||||\u00a0\u00bb header_2_text_align=\u00a0\u00bbleft\u00a0\u00bb header_2_font_size_phone=\u00a0\u00bb34px\u00a0\u00bb global_colors_info=\u00a0\u00bb{}\u00a0\u00bb]<\/p>\n<h2>Notre m\u00e9thodologie<\/h2>\n<p>[\/et_pb_text][\/et_pb_column][\/et_pb_row][et_pb_row make_equal=\u00a0\u00bbon\u00a0\u00bb _builder_version=\u00a0\u00bb4.27.4&Prime; _module_preset=\u00a0\u00bbdefault\u00a0\u00bb global_colors_info=\u00a0\u00bb{}\u00a0\u00bb][et_pb_column type=\u00a0\u00bb4_4&Prime; _builder_version=\u00a0\u00bb4.27.4&Prime; _module_preset=\u00a0\u00bbdefault\u00a0\u00bb background_color=\u00a0\u00bb#f8f9ff\u00a0\u00bb overflow-x=\u00a0\u00bbvisible\u00a0\u00bb overflow-y=\u00a0\u00bbvisible\u00a0\u00bb custom_padding=\u00a0\u00bb30px|30px|30px|30px|true|true\u00a0\u00bb custom_padding_tablet=\u00a0\u00bb30px|30px|30px|30px|true|true\u00a0\u00bb custom_padding_phone=\u00a0\u00bb20px|20px|20px|20px|true|true\u00a0\u00bb custom_padding_last_edited=\u00a0\u00bbon|phone\u00a0\u00bb border_radii=\u00a0\u00bbon|30px|30px|30px|30px\u00a0\u00bb global_colors_info=\u00a0\u00bb{%22gcid-650921a2-2eba-4283-a6e6-fb2ffa7ca9ad%22:%91%22background_color%22,%22background_color%22%93}\u00a0\u00bb][et_pb_text admin_label=\u00a0\u00bbIndividual or Team Coaching\u00a0\u00bb _builder_version=\u00a0\u00bb4.27.4&Prime; _module_preset=\u00a0\u00bb2421ce99-8623-41a3-9f2e-71baab7d8c04&Prime; header_5_text_align=\u00a0\u00bbleft\u00a0\u00bb header_5_font_size=\u00a0\u00bb24px\u00a0\u00bb custom_margin=\u00a0\u00bb||10px||false|false\u00a0\u00bb header_5_font_size_phone=\u00a0\u00bb20px\u00a0\u00bb global_colors_info=\u00a0\u00bb{}\u00a0\u00bb]<\/p>\n<h5>Coaching ex\u00e9cutif individuel ou d\u2019\u00e9quipe<\/h5>\n<p>[\/et_pb_text][et_pb_text _builder_version=\u00a0\u00bb4.27.4&Prime; _module_preset=\u00a0\u00bbf5eedead-c16c-4378-9e25-6d29b8641691&Prime; link_font=\u00a0\u00bb|600|||||||\u00a0\u00bb header_5_font=\u00a0\u00bb&#8211;et_global_heading_font|500|||||||\u00a0\u00bb header_5_text_color=\u00a0\u00bb#0E3B7C\u00a0\u00bb header_5_font_size=\u00a0\u00bb20px\u00a0\u00bb header_5_line_height=\u00a0\u00bb1.6em\u00a0\u00bb custom_margin=\u00a0\u00bb||10px||false|false\u00a0\u00bb header_5_font_size_tablet=\u00a0\u00bb16px\u00a0\u00bb header_5_font_size_phone=\u00a0\u00bb14px\u00a0\u00bb header_5_font_size_last_edited=\u00a0\u00bbon|desktop\u00a0\u00bb global_colors_info=\u00a0\u00bb{}\u00a0\u00bb]<\/p>\n<p>Du point de vue du client, le processus se d\u00e9roule g\u00e9n\u00e9ralement comme suit :<\/p>\n<h6><strong>1. Premi\u00e8re rencontre<\/strong><\/h6>\n<p>Une rencontre initiale permet de clarifier :<\/p>\n<ul>\n<li><strong>Les objectifs et leur importance.<\/strong> Bien que les clients arrivent souvent avec des id\u00e9es quant \u00e0 ce que le coach ou le facilitateur devrait apporter, prendre le temps de d\u00e9finir le d\u00e9fi sous-jacent ainsi que les r\u00e9sultats souhait\u00e9s permet g\u00e9n\u00e9ralement d\u2019adopter une approche plus efficace.<\/li>\n<li><strong>Les d\u00e9marches actuelles.<\/strong> Ce que le client a d\u00e9j\u00e0 mis en place pour atteindre ses objectifs \u2014 ce qui fonctionne bien et ce qui fonctionne moins bien.<\/li>\n<li><strong>Le contexte.<\/strong> Tout \u00e9l\u00e9ment pertinent susceptible d\u2019\u00e9clairer la situation du client et de permettre un accompagnement ajust\u00e9 \u00e0 ses besoins.<\/li>\n<li><strong>Les modalit\u00e9s logistiques.<\/strong> Les aspects pratiques, incluant la fr\u00e9quence et la dur\u00e9e des s\u00e9ances, les moyens de communication privil\u00e9gi\u00e9s, les am\u00e9nagements n\u00e9cessaires, ainsi que les param\u00e8tres \u00e9thiques encadrant la pratique du coaching professionnel.<\/li>\n<\/ul>\n<h6><strong>2. \u00c9laboration du programme et premi\u00e8res prises de conscience<\/strong><\/h6>\n<p>Au cours de la deuxi\u00e8me rencontre :<\/p>\n<ul>\n<li>Le coach propose un <strong>projet de programme<\/strong> bas\u00e9 sur la discussion initiale, d\u00e9finissant la direction du travail, les engagements partag\u00e9s et les crit\u00e8res de progression. Il est ensuite ajust\u00e9 conjointement afin de r\u00e9pondre pleinement aux besoins du client.<\/li>\n<li>Le client re\u00e7oit un <strong>premier exercice d\u2019observation<\/strong> \u00e0 r\u00e9aliser avant la prochaine rencontre. Cet exercice vise \u00e0 l\u2019aider \u00e0 prendre conscience des informations et des hypoth\u00e8ses qui influencent ses d\u00e9cisions et ses comportements.<\/li>\n<\/ul>\n<h6><strong>3. D\u00e9veloppement continu<\/strong><\/h6>\n<p>Lors des rencontres suivantes :<\/p>\n<ul>\n<li>Le client et le coach \u00e9changent sur les r\u00e9sultats des exercices et leur application concr\u00e8te. Gr\u00e2ce \u00e0 la r\u00e9flexion et au dialogue, les apprentissages s\u2019approfondissent et le jugement du client face aux situations \u00e0 venir gagne en finesse.<\/li>\n<li>Le coach introduit de nouveaux exercices ou pratiques visant \u00e0 approfondir et \u00e0 \u00e9largir les comp\u00e9tences et les perspectives du client.<\/li>\n<\/ul>\n<h6><strong>4. Conclusion et prochaines \u00e9tapes<\/strong><\/h6>\n<p>Lors de la rencontre finale :<\/p>\n<ul>\n<li>Le client et le coach font le bilan des progr\u00e8s r\u00e9alis\u00e9s et reconnaissent les apprentissages effectu\u00e9s.<\/li>\n<li>Le coach propose des pistes de d\u00e9veloppement afin de consolider les acquis et pr\u00e9server la dynamique engag\u00e9e.<\/li>\n<li>Ensemble, ils discutent des r\u00e9flexions ou enseignements finaux qui auraient pu ne pas \u00e9merger plus t\u00f4t dans le processus.<\/li>\n<\/ul>\n<p>&nbsp;<\/p>\n<h5>Le r\u00f4le de la th\u00e9orie int\u00e9grale<\/h5>\n<p>La th\u00e9orie int\u00e9grale propose un cadre permettant de comprendre l\u2019exp\u00e9rience humaine \u00e0 partir de perspectives multiples \u2014 individuelles et collectives, int\u00e9rieures et ext\u00e9rieures.<\/p>\n<p>La majorit\u00e9 des coachs d\u2019ExCo2 sont form\u00e9s \u00e0 la m\u00e9thodologie du coaching int\u00e9gral, qui offre une base rigoureuse et holistique au travail de d\u00e9veloppement. Un aper\u00e7u concis de la th\u00e9orie int\u00e9grale par Ken Wilber est disponible ici.<\/p>\n<h5>\u00a0<\/h5>\n<h5>L\u2019apport des typologies de personnalit\u00e9 en coaching<\/h5>\n<p>Parce que la conscience de soi est au c\u0153ur de l\u2019apprentissage et du d\u00e9veloppement, les coachs peuvent inviter leurs clients \u00e0 utiliser un outil de typologie de personnalit\u00e9 afin de mieux comprendre leurs sch\u00e9mas comportementaux et leurs modes de relation aux autres. Les coachs d\u2019ExCo2 ont souvent recours \u00e0 l\u2019Enneagram \u00e0 cette fin, bien que d\u2019autres outils soient \u00e9galement disponibles.<\/p>\n<p>Vous trouverez davantage d\u2019information sur l\u2019Enn\u00e9agramme et ses neuf profils de personnalit\u00e9 ici.<\/p>\n<p>[\/et_pb_text][\/et_pb_column][\/et_pb_row][\/et_pb_section]<\/p>\n","protected":false},"excerpt":{"rendered":"<p>\u00c0 proposNous savons que les leaders \u00e9voluent dans un contexte en constante transformation et que le leadership, lorsqu\u2019il est bien exerc\u00e9, peut \u00eatre une force positive. Nous abordons le d\u00e9veloppement du leadership comme une pratique continue visant \u00e0 influencer positivement un monde en \u00e9volution. Nous mettons \u00e0 votre service notre exp\u00e9rience de dirigeants form\u00e9s au [&hellip;]<\/p>\n","protected":false},"author":1,"featured_media":0,"parent":0,"menu_order":0,"comment_status":"closed","ping_status":"closed","template":"","meta":{"_et_pb_use_builder":"on","_et_pb_old_content":"","_et_gb_content_width":"","_crdt_document":"","advanced_seo_description":"","jetpack_seo_html_title":"","jetpack_seo_noindex":false,"footnotes":""},"class_list":["post-1372","page","type-page","status-publish","hentry"],"jetpack_shortlink":"https:\/\/wp.me\/PbzWMG-m8","_links":{"self":[{"href":"https:\/\/exco2.com\/fr\/wp-json\/wp\/v2\/pages\/1372","targetHints":{"allow":["GET"]}}],"collection":[{"href":"https:\/\/exco2.com\/fr\/wp-json\/wp\/v2\/pages"}],"about":[{"href":"https:\/\/exco2.com\/fr\/wp-json\/wp\/v2\/types\/page"}],"author":[{"embeddable":true,"href":"https:\/\/exco2.com\/fr\/wp-json\/wp\/v2\/users\/1"}],"replies":[{"embeddable":true,"href":"https:\/\/exco2.com\/fr\/wp-json\/wp\/v2\/comments?post=1372"}],"version-history":[{"count":8,"href":"https:\/\/exco2.com\/fr\/wp-json\/wp\/v2\/pages\/1372\/revisions"}],"predecessor-version":[{"id":1599,"href":"https:\/\/exco2.com\/fr\/wp-json\/wp\/v2\/pages\/1372\/revisions\/1599"}],"wp:attachment":[{"href":"https:\/\/exco2.com\/fr\/wp-json\/wp\/v2\/media?parent=1372"}],"curies":[{"name":"wp","href":"https:\/\/api.w.org\/{rel}","templated":true}]}}